{"id":227,"date":"2020-02-03T20:06:01","date_gmt":"2020-02-03T20:06:01","guid":{"rendered":"http:\/\/skils-new.cz.uvirt89.active24.cz\/?page_id=227"},"modified":"2023-12-08T13:08:15","modified_gmt":"2023-12-08T13:08:15","slug":"contact","status":"publish","type":"page","link":"https:\/\/skils.cz\/en\/contact\/","title":{"rendered":"Contact"},"content":{"rendered":"<h2>Skils s.r.o. advok\u00e1tn\u00ed kancel\u00e1\u0159<\/h2>\n<p>K\u0159i\u017eovnick\u00e9 n\u00e1m. 193\/2<br \/>\n110 00 Praha 1<br \/>\nCzech republic<\/p>\n<p><strong>Identification number:<\/strong> 25621050<br \/>\n<strong>VAT ID:<\/strong> CZ25621050<\/p>\n<p><small>The Company is registered under section C, file 137418 in the Czech Trade Register at the Municipal Court in Prague.<\/small><\/p>\n<p><small>The Czech Bar Association is in charge of the out-of-court settlement of disputes between attorneys and consumers\u00a0 &#8211; www.cak.cz.<\/small><\/p>\n","protected":false},"excerpt":{"rendered":"<p>Skils s.r.o. advok\u00e1tn\u00ed kancel\u00e1\u0159 K\u0159i\u017eovnick\u00e9 n\u00e1m. 193\/2 110 00 Praha 1 Czech republic Identification number: 25621050 VAT ID: CZ25621050 The Company is registered under section C, file 137418 in the Czech Trade Register at the Municipal Court in Prague. The Czech Bar Association is in charge of the out-of-court settlement of disputes between attorneys and [&hellip;]<\/p>\n","protected":false},"author":1,"featured_media":114,"parent":0,"menu_order":7,"comment_status":"closed","ping_status":"closed","template":"templates\/kontakt.php","meta":{"_acf_changed":false,"footnotes":""},"class_list":["post-227","page","type-page","status-publish","has-post-thumbnail","hentry"],"acf":[],"_links":{"self":[{"href":"https:\/\/skils.cz\/en\/wp-json\/wp\/v2\/pages\/227","targetHints":{"allow":["GET"]}}],"collection":[{"href":"https:\/\/skils.cz\/en\/wp-json\/wp\/v2\/pages"}],"about":[{"href":"https:\/\/skils.cz\/en\/wp-json\/wp\/v2\/types\/page"}],"author":[{"embeddable":true,"href":"https:\/\/skils.cz\/en\/wp-json\/wp\/v2\/users\/1"}],"replies":[{"embeddable":true,"href":"https:\/\/skils.cz\/en\/wp-json\/wp\/v2\/comments?post=227"}],"version-history":[{"count":13,"href":"https:\/\/skils.cz\/en\/wp-json\/wp\/v2\/pages\/227\/revisions"}],"predecessor-version":[{"id":2012,"href":"https:\/\/skils.cz\/en\/wp-json\/wp\/v2\/pages\/227\/revisions\/2012"}],"wp:featuredmedia":[{"embeddable":true,"href":"https:\/\/skils.cz\/en\/wp-json\/wp\/v2\/media\/114"}],"wp:attachment":[{"href":"https:\/\/skils.cz\/en\/wp-json\/wp\/v2\/media?parent=227"}],"curies":[{"name":"wp","href":"https:\/\/api.w.org\/{rel}","templated":true}]}}