{"id":215,"date":"2020-02-03T19:59:38","date_gmt":"2020-02-03T19:59:38","guid":{"rendered":"http:\/\/skils-new.cz.uvirt89.active24.cz\/?page_id=215"},"modified":"2020-07-08T12:12:52","modified_gmt":"2020-07-08T12:12:52","slug":"about-us","status":"publish","type":"page","link":"https:\/\/skils.cz\/en\/about-us\/","title":{"rendered":"About us"},"content":{"rendered":"<p>We have been providing legal services in the Czech Republic since 1992, between 1992 and 2018 as part of the international law firm Weil, Gotshal &amp; Manges LLP. At the end of 2018, the firm changed its name to <strong>Skils s.r.o. advok\u00e1tn\u00ed kancel\u00e1\u0159<\/strong>.<\/p>\n<p>We are considered one of the leading and consistently best rated law firms operating on the Czech market. Our clients are the most significant Czech and international companies as well as the Czech state, higher regional administrative units, and other public bodies.<\/p>\n","protected":false},"excerpt":{"rendered":"<p>We have been providing legal services in the Czech Republic since 1992, between 1992 and 2018 as part of the international law firm Weil, Gotshal &amp; Manges LLP. At the end of 2018, the firm changed its name to Skils s.r.o. advok\u00e1tn\u00ed kancel\u00e1\u0159. We are considered one of the leading and consistently best rated law [&hellip;]<\/p>\n","protected":false},"author":1,"featured_media":0,"parent":0,"menu_order":14,"comment_status":"closed","ping_status":"closed","template":"templates\/o-nas.php","meta":{"_acf_changed":false,"footnotes":""},"class_list":["post-215","page","type-page","status-publish","hentry"],"acf":[],"_links":{"self":[{"href":"https:\/\/skils.cz\/en\/wp-json\/wp\/v2\/pages\/215","targetHints":{"allow":["GET"]}}],"collection":[{"href":"https:\/\/skils.cz\/en\/wp-json\/wp\/v2\/pages"}],"about":[{"href":"https:\/\/skils.cz\/en\/wp-json\/wp\/v2\/types\/page"}],"author":[{"embeddable":true,"href":"https:\/\/skils.cz\/en\/wp-json\/wp\/v2\/users\/1"}],"replies":[{"embeddable":true,"href":"https:\/\/skils.cz\/en\/wp-json\/wp\/v2\/comments?post=215"}],"version-history":[{"count":13,"href":"https:\/\/skils.cz\/en\/wp-json\/wp\/v2\/pages\/215\/revisions"}],"predecessor-version":[{"id":941,"href":"https:\/\/skils.cz\/en\/wp-json\/wp\/v2\/pages\/215\/revisions\/941"}],"wp:attachment":[{"href":"https:\/\/skils.cz\/en\/wp-json\/wp\/v2\/media?parent=215"}],"curies":[{"name":"wp","href":"https:\/\/api.w.org\/{rel}","templated":true}]}}